{"id":42,"date":"2023-08-08T17:50:18","date_gmt":"2023-08-08T14:50:18","guid":{"rendered":"https:\/\/sky-hr-consulting.com\/tr\/?page_id=42"},"modified":"2023-10-11T13:51:36","modified_gmt":"2023-10-11T10:51:36","slug":"sky-hakkinda","status":"publish","type":"page","link":"https:\/\/sky-hr-consulting.com\/tr\/sky-hakkinda\/","title":{"rendered":"Sky Hakk\u0131nda"},"content":{"rendered":"<p><div class=\"fusion-fullwidth fullwidth-box fusion-builder-row-1 fusion-flex-container nonhundred-percent-fullwidth non-hundred-percent-height-scrolling\" style=\"--awb-border-radius-top-left:0px;--awb-border-radius-top-right:0px;--awb-border-radius-bottom-right:0px;--awb-border-radius-bottom-left:0px;--awb-padding-top:0px;--awb-padding-bottom:20px;--awb-background-image:linear-gradient(180deg, var(--awb-color4) 60%,var(--awb-color1) 60%);--awb-flex-wrap:wrap;\" ><div class=\"fusion-builder-row fusion-row fusion-flex-align-items-stretch fusion-flex-content-wrap\" style=\"max-width:1310.4px;margin-left: calc(-4% \/ 2 );margin-right: calc(-4% \/ 2 );\"><div class=\"fusion-layout-column fusion_builder_column fusion-builder-column-0 fusion_builder_column_1_4 1_4 fusion-flex-column\" style=\"--awb-bg-size:cover;--awb-width-large:25%;--awb-margin-top-large:20px;--awb-spacing-right-large:10px;--awb-margin-bottom-large:20px;--awb-spacing-left-large:7.68%;--awb-width-medium:25%;--awb-order-medium:0;--awb-spacing-right-medium:10px;--awb-spacing-left-medium:7.68%;--awb-width-small:50%;--awb-order-small:1;--awb-spacing-right-small:10px;--awb-spacing-left-small:3.84%;\"><div class=\"fusion-column-wrapper fusion-column-has-shadow fusion-flex-justify-content-center fusion-content-layout-column\"><div class=\"fusion-image-element \" style=\"--awb-caption-title-font-family:var(--h2_typography-font-family);--awb-caption-title-font-weight:var(--h2_typography-font-weight);--awb-caption-title-font-style:var(--h2_typography-font-style);--awb-caption-title-size:var(--h2_typography-font-size);--awb-caption-title-transform:var(--h2_typography-text-transform);--awb-caption-title-line-height:var(--h2_typography-line-height);--awb-caption-title-letter-spacing:var(--h2_typography-letter-spacing);\"><span class=\" fusion-imageframe imageframe-none imageframe-1 hover-type-none\" style=\"border-radius:12px;\"><img decoding=\"async\" width=\"586\" height=\"584\" alt=\"Experience\" title=\"Working\" src=\"data:image\/svg+xml,%3Csvg%20xmlns%3D%27http%3A%2F%2Fwww.w3.org%2F2000%2Fsvg%27%20width%3D%27586%27%20height%3D%27584%27%20viewBox%3D%270%200%20586%20584%27%3E%3Crect%20width%3D%27586%27%20height%3D%27584%27%20fill-opacity%3D%220%22%2F%3E%3C%2Fsvg%3E\" data-orig-src=\"https:\/\/sky-hr-consulting.com\/tr\/wp-content\/uploads\/2020\/09\/about-agency-2.jpg\" class=\"lazyload img-responsive wp-image-1744\"\/><\/span><\/div><\/div><\/div><div class=\"fusion-layout-column fusion_builder_column fusion-builder-column-1 fusion_builder_column_1_2 1_2 fusion-flex-column\" style=\"--awb-bg-size:cover;--awb-width-large:50%;--awb-margin-top-large:20px;--awb-spacing-right-large:10px;--awb-margin-bottom-large:20px;--awb-spacing-left-large:10px;--awb-width-medium:50%;--awb-order-medium:0;--awb-spacing-right-medium:10px;--awb-spacing-left-medium:10px;--awb-width-small:100%;--awb-order-small:0;--awb-margin-top-small:0px;--awb-spacing-right-small:1.92%;--awb-spacing-left-small:1.92%;\"><div class=\"fusion-column-wrapper fusion-column-has-shadow fusion-flex-justify-content-flex-start fusion-content-layout-column\"><div class=\"fusion-image-element \" style=\"--awb-caption-title-font-family:var(--h2_typography-font-family);--awb-caption-title-font-weight:var(--h2_typography-font-weight);--awb-caption-title-font-style:var(--h2_typography-font-style);--awb-caption-title-size:var(--h2_typography-font-size);--awb-caption-title-transform:var(--h2_typography-text-transform);--awb-caption-title-line-height:var(--h2_typography-line-height);--awb-caption-title-letter-spacing:var(--h2_typography-letter-spacing);\"><span class=\" fusion-imageframe imageframe-none imageframe-2 hover-type-none\" style=\"border-radius:12px;\"><img decoding=\"async\" width=\"1270\" height=\"1270\" alt=\"Who we are\" title=\"About Us\" src=\"data:image\/svg+xml,%3Csvg%20xmlns%3D%27http%3A%2F%2Fwww.w3.org%2F2000%2Fsvg%27%20width%3D%271270%27%20height%3D%271270%27%20viewBox%3D%270%200%201270%201270%27%3E%3Crect%20width%3D%271270%27%20height%3D%271270%27%20fill-opacity%3D%220%22%2F%3E%3C%2Fsvg%3E\" data-orig-src=\"https:\/\/sky-hr-consulting.com\/tr\/wp-content\/uploads\/2020\/09\/about-agency-1.jpg\" class=\"lazyload img-responsive wp-image-1743\"\/><\/span><\/div><\/div><\/div><div class=\"fusion-layout-column fusion_builder_column fusion-builder-column-2 fusion_builder_column_1_4 1_4 fusion-flex-column\" style=\"--awb-bg-size:cover;--awb-width-large:25%;--awb-margin-top-large:20px;--awb-spacing-right-large:7.68%;--awb-margin-bottom-large:20px;--awb-spacing-left-large:10px;--awb-width-medium:25%;--awb-order-medium:0;--awb-spacing-right-medium:7.68%;--awb-spacing-left-medium:10px;--awb-width-small:50%;--awb-order-small:2;--awb-spacing-right-small:3.84%;--awb-spacing-left-small:10px;\"><div class=\"fusion-column-wrapper fusion-column-has-shadow fusion-flex-justify-content-flex-start fusion-content-layout-column\"><div class=\"fusion-image-element \" style=\"--awb-caption-title-font-family:var(--h2_typography-font-family);--awb-caption-title-font-weight:var(--h2_typography-font-weight);--awb-caption-title-font-style:var(--h2_typography-font-style);--awb-caption-title-size:var(--h2_typography-font-size);--awb-caption-title-transform:var(--h2_typography-text-transform);--awb-caption-title-line-height:var(--h2_typography-line-height);--awb-caption-title-letter-spacing:var(--h2_typography-letter-spacing);\"><span class=\" fusion-imageframe imageframe-none imageframe-3 hover-type-none\" style=\"border-radius:12px;\"><img decoding=\"async\" width=\"586\" height=\"586\" alt=\"Dana Johnson Accountant\" title=\"Dana Johnson\" src=\"data:image\/svg+xml,%3Csvg%20xmlns%3D%27http%3A%2F%2Fwww.w3.org%2F2000%2Fsvg%27%20width%3D%27586%27%20height%3D%27586%27%20viewBox%3D%270%200%20586%20586%27%3E%3Crect%20width%3D%27586%27%20height%3D%27586%27%20fill-opacity%3D%220%22%2F%3E%3C%2Fsvg%3E\" data-orig-src=\"https:\/\/sky-hr-consulting.com\/tr\/wp-content\/uploads\/2020\/09\/about-agency-3.jpg\" class=\"lazyload img-responsive wp-image-1745\"\/><\/span><\/div><\/div><\/div><\/div><\/div><div class=\"fusion-fullwidth fullwidth-box fusion-builder-row-2 fusion-flex-container nonhundred-percent-fullwidth non-hundred-percent-height-scrolling\" style=\"--awb-border-radius-top-left:0px;--awb-border-radius-top-right:0px;--awb-border-radius-bottom-right:0px;--awb-border-radius-bottom-left:0px;--awb-padding-top:20px;--awb-padding-top-medium:40px;--awb-padding-bottom-medium:48px;--awb-padding-top-small:0px;--awb-padding-bottom-small:20px;--awb-flex-wrap:wrap;\" ><div class=\"fusion-builder-row fusion-row fusion-flex-align-items-flex-start fusion-flex-justify-content-center fusion-flex-content-wrap\" style=\"max-width:1310.4px;margin-left: calc(-4% \/ 2 );margin-right: calc(-4% \/ 2 );\"><div class=\"fusion-layout-column fusion_builder_column fusion-builder-column-3 fusion_builder_column_5_6 5_6 fusion-flex-column\" style=\"--awb-bg-size:cover;--awb-width-large:83.333333333333%;--awb-margin-top-large:20px;--awb-spacing-right-large:2.304%;--awb-margin-bottom-large:20px;--awb-spacing-left-large:2.304%;--awb-width-medium:66.666666666667%;--awb-order-medium:0;--awb-spacing-right-medium:2.88%;--awb-spacing-left-medium:2.88%;--awb-width-small:100%;--awb-order-small:0;--awb-spacing-right-small:1.92%;--awb-spacing-left-small:1.92%;\"><div class=\"fusion-column-wrapper fusion-column-has-shadow fusion-flex-justify-content-flex-start fusion-content-layout-column\"><div class=\"fusion-title title fusion-title-1 fusion-sep-none fusion-title-text fusion-title-size-three\"><h3 class=\"fusion-title-heading title-heading-left fusion-responsive-typography-calculated\" style=\"margin:0;--fontSize:36;line-height:1.3;\">Uygulamadan do\u011frudan gelen profesyonel uzmanl\u0131k, uygulamaya y\u00f6nelik kullan\u0131m i\u00e7in.<\/h3><\/div><div class=\"fusion-text fusion-text-1\"><p>SKY-HR Dan\u0131\u015fmanl\u0131k, sa\u011flam uygulama deneyimini temsil eder. \u0130nsan kaynaklar\u0131 y\u00f6netimi, i\u015fletme y\u00f6netimi ve proje y\u00f6netimi alan\u0131nda on y\u0131l\u0131 a\u015fk\u0131n uzmanl\u0131k deneyimi ile SKY-HR, her t\u00fcrl\u00fc insan kaynaklar\u0131 projesi i\u00e7in profesyonel bir \u00e7\u00f6z\u00fcm orta\u011f\u0131n\u0131zd\u0131r. Odak noktalar\u0131m\u0131z maa\u015f bordrosu, i\u00e7-d\u0131\u015f kaynak kullan\u0131m\u0131, i\u015f hukuku ve \u00fccret skalas\u0131 hukuku alanlar\u0131ndad\u0131r.<\/p>\n<p>Maa\u015f bordrosu alan\u0131nda birinci s\u0131n\u0131f hizmetler ve kapsaml\u0131 \u0130K dan\u0131\u015fmanl\u0131\u011f\u0131 sunuyoruz.<\/p>\n<\/div><\/div><\/div><\/div><\/div><div class=\"fusion-fullwidth fullwidth-box fusion-builder-row-3 fusion-flex-container hundred-percent-fullwidth non-hundred-percent-height-scrolling\" style=\"--awb-border-radius-top-left:0px;--awb-border-radius-top-right:0px;--awb-border-radius-bottom-right:0px;--awb-border-radius-bottom-left:0px;--awb-padding-right:6%;--awb-padding-left:6%;--awb-padding-top-medium:40px;--awb-padding-right-medium:4%;--awb-padding-bottom-medium:48px;--awb-padding-left-medium:4%;--awb-padding-top-small:20px;--awb-padding-bottom-small:0px;--awb-flex-wrap:wrap;\" ><div class=\"fusion-builder-row fusion-row fusion-flex-align-items-stretch fusion-flex-justify-content-center fusion-flex-content-wrap\" style=\"width:104% !important;max-width:104% !important;margin-left: calc(-4% \/ 2 );margin-right: calc(-4% \/ 2 );\"><div class=\"fusion-layout-column fusion_builder_column fusion-builder-column-4 fusion_builder_column_1_1 1_1 fusion-flex-column\" style=\"--awb-bg-size:cover;--awb-width-large:100%;--awb-margin-top-large:20px;--awb-spacing-right-large:1.92%;--awb-margin-bottom-large:20px;--awb-spacing-left-large:1.92%;--awb-width-medium:50%;--awb-order-medium:0;--awb-spacing-right-medium:0px;--awb-spacing-left-medium:5.76%;--awb-width-small:100%;--awb-order-small:0;--awb-spacing-right-small:1.92%;--awb-spacing-left-small:1.92%;\"><div class=\"fusion-column-wrapper fusion-column-has-shadow fusion-flex-justify-content-center fusion-content-layout-column\"><div class=\"fusion-title title fusion-title-2 fusion-sep-none fusion-title-text fusion-title-size-four\" style=\"--awb-text-color:var(--awb-color7);--awb-margin-top:0px;--awb-margin-bottom:16px;\"><h4 class=\"fusion-title-heading title-heading-left fusion-responsive-typography-calculated\" style=\"margin:0;--fontSize:24;--minFontSize:24;line-height:1.42;\">SKY HR Deneyim Alanlar\u0131 Detaylar\u0131:<\/h4><\/div><div class=\"fusion-text fusion-text-2\"><p><strong>SKY HR&#8217;nin Uzmanl\u0131k Alanlar\u0131:<\/strong><\/p>\n<ul>\n<li><strong>Uzmanl\u0131k:<\/strong> \u00dccret hesaplamas\u0131, i\u015f hukuku, seyahat masraflar\u0131, kurumsal emeklilik ve ilgili vergi ve sosyal yasal d\u00fczenlemeler konular\u0131nda derinlemesine anlay\u0131\u015f.<\/li>\n<li><strong>\u0130K D\u00f6n\u00fc\u015f\u00fcm\u00fc:<\/strong> Yeni \u0130K ve maa\u015f bordrosu departman yap\u0131lar\u0131n\u0131n tasar\u0131m\u0131 ve uygulanmas\u0131, IT sistemlerinin entegrasyonu dahil.<\/li>\n<li><strong>Sistem Bilgisi:<\/strong> Yayg\u0131n \u00fccret hesaplama, zaman y\u00f6netimi ve \u0130KIS (\u0130nsan Kaynaklar\u0131 Bilgi Sistemi) sistemlerinde uzmanl\u0131k.<\/li>\n<li><strong>Entegrasyon:<\/strong> \u0130\u015ftiraklerin\/\u015fubelerin genel \u0130K ve maa\u015f bordrosu yap\u0131lar\u0131na entegre edilmesi.<\/li>\n<li><strong>B\u00f6l\u00fcm Y\u00f6netimi:<\/strong> B\u00f6lge \u00fcst\u00fc ekiplerin ve s\u00fcre\u00e7lerin yeniden yap\u0131land\u0131r\u0131lmas\u0131 ve olu\u015fturulmas\u0131.<\/li>\n<li><strong>Senaryo Analizi:<\/strong> \u00dccret hesaplama senaryolar\u0131n\u0131n geli\u015ftirilmesi, de\u011ferlendirilmesi ve hedeflenmesi.<\/li>\n<li><strong>Dok\u00fcmantasyon:<\/strong> \u0130stek kataloglar\u0131n\u0131n olu\u015fturulmas\u0131 ve sa\u011flay\u0131c\u0131 tekliflerinin de\u011ferlendirilmesi.<\/li>\n<\/ul>\n<p>K\u0131sacas\u0131: SKY_HR, \u0130K ve maa\u015f bordrosu alan\u0131nda derin uzmanl\u0131k bilgisine sahiptir.<\/p>\n<\/div><\/div><\/div><\/div><\/div><\/p>\n","protected":false},"excerpt":{"rendered":"","protected":false},"author":1,"featured_media":0,"parent":0,"menu_order":0,"comment_status":"closed","ping_status":"closed","template":"100-width.php","meta":{"inline_featured_image":false,"footnotes":""},"class_list":["post-42","page","type-page","status-publish","hentry"],"aioseo_notices":[],"_links":{"self":[{"href":"https:\/\/sky-hr-consulting.com\/tr\/wp-json\/wp\/v2\/pages\/42","targetHints":{"allow":["GET"]}}],"collection":[{"href":"https:\/\/sky-hr-consulting.com\/tr\/wp-json\/wp\/v2\/pages"}],"about":[{"href":"https:\/\/sky-hr-consulting.com\/tr\/wp-json\/wp\/v2\/types\/page"}],"author":[{"embeddable":true,"href":"https:\/\/sky-hr-consulting.com\/tr\/wp-json\/wp\/v2\/users\/1"}],"replies":[{"embeddable":true,"href":"https:\/\/sky-hr-consulting.com\/tr\/wp-json\/wp\/v2\/comments?post=42"}],"version-history":[{"count":25,"href":"https:\/\/sky-hr-consulting.com\/tr\/wp-json\/wp\/v2\/pages\/42\/revisions"}],"predecessor-version":[{"id":21026,"href":"https:\/\/sky-hr-consulting.com\/tr\/wp-json\/wp\/v2\/pages\/42\/revisions\/21026"}],"wp:attachment":[{"href":"https:\/\/sky-hr-consulting.com\/tr\/wp-json\/wp\/v2\/media?parent=42"}],"curies":[{"name":"wp","href":"https:\/\/api.w.org\/{rel}","templated":true}]}}